{"id":318,"date":"2019-05-19T21:05:31","date_gmt":"2019-05-19T21:05:31","guid":{"rendered":"http:\/\/werkstatt-lechmann.de\/?page_id=318"},"modified":"2019-05-19T22:52:02","modified_gmt":"2019-05-19T22:52:02","slug":"datenschutz","status":"publish","type":"page","link":"https:\/\/werkstatt-lechmann.de\/?page_id=318","title":{"rendered":"Datenschutzerkl\u00e4rung"},"content":{"rendered":"\n<h2 class=\"wp-block-heading\"><\/h2>\n\n\n\n<h2 class=\"wp-block-heading\">1. Datenschutz auf einen Blick<\/h2>\n\n\n\n<h3 class=\"wp-block-heading\">Allgemeine Hinweise<\/h3>\n\n\n\n<p>Die folgenden Hinweise geben einen einfachen \u00dcberblick dar\u00fcber, was \nmit Ihren personenbezogenen Daten passiert, wenn Sie unsere Website \nbesuchen. Personenbezogene Daten sind alle Daten, mit denen Sie \npers\u00f6nlich identifiziert werden k\u00f6nnen. Ausf\u00fchrliche Informationen zum \nThema Datenschutz entnehmen Sie unserer unter diesem Text aufgef\u00fchrten \nDatenschutzerkl\u00e4rung.<\/p>\n\n\n\n<h3 class=\"wp-block-heading\">Analyse-Tools und Tools von Drittanbietern<\/h3>\n\n\n\n<p>Beim Besuch unserer Website kann Ihr Surf-Verhalten statistisch \nausgewertet werden. Das geschieht vor allem mit Cookies und mit \nsogenannten Analyseprogrammen. Die Analyse Ihres Surf-Verhaltens erfolgt\n in der Regel anonym; das Surf-Verhalten kann nicht zu Ihnen \nzur\u00fcckverfolgt werden. Sie k\u00f6nnen dieser Analyse widersprechen oder sie \ndurch die Nichtbenutzung bestimmter Tools verhindern. Detaillierte \nInformationen dazu finden Sie in der folgenden Datenschutzerkl\u00e4rung.<\/p>\n\n\n\n<p>Sie k\u00f6nnen dieser Analyse widersprechen. \u00dcber die \nWiderspruchsm\u00f6glichkeiten werden wir Sie in dieser Datenschutzerkl\u00e4rung \ninformieren.<\/p>\n\n\n\n<h2 class=\"wp-block-heading\">2. Allgemeine Hinweise und Pflichtinformationen<\/h2>\n\n\n\n<h3 class=\"wp-block-heading\">Datenschutz<\/h3>\n\n\n\n<p>Die Betreiber dieser Seiten nehmen den Schutz Ihrer pers\u00f6nlichen \nDaten sehr ernst. Wir behandeln Ihre personenbezogenen Daten vertraulich\n und entsprechend der gesetzlichen Datenschutzvorschriften sowie dieser \nDatenschutzerkl\u00e4rung.<\/p>\n\n\n\n<p>Wenn Sie diese Website benutzen, werden verschiedene personenbezogene\n Daten erhoben. Personenbezogene Daten sind Daten, mit denen Sie \npers\u00f6nlich identifiziert werden k\u00f6nnen. Die vorliegende \nDatenschutzerkl\u00e4rung erl\u00e4utert, welche Daten wir erheben und wof\u00fcr wir \nsie nutzen. Sie erl\u00e4utert auch, wie und zu welchem Zweck das geschieht.<\/p>\n\n\n\n<p>Wir weisen darauf hin, dass die Daten\u00fcbertragung im Internet (z.B. \nbei der Kommunikation per E-Mail) Sicherheitsl\u00fccken aufweisen kann. Ein \nl\u00fcckenloser Schutz der Daten vor dem Zugriff durch Dritte ist nicht \nm\u00f6glich.<\/p>\n\n\n\n<h3 class=\"wp-block-heading\">Hinweis zur verantwortlichen Stelle<\/h3>\n\n\n\n<p>Die verantwortliche Stelle f\u00fcr die Datenverarbeitung auf dieser Website ist:<\/p>\n\n\n\n<p>Lechmann Bavaria Special GbR<br>Kreitstr 3, 86926 Greifenberg<\/p>\n\n\n\n<p><strong>Vertreten durch: <\/strong><br>\nJohannes Lechmann<br>\nDaria Lechmann<\/p>\n\n\n\n<p>Verantwortliche Stelle ist die nat\u00fcrliche oder juristische Person, \ndie allein oder gemeinsam mit anderen \u00fcber die Zwecke und Mittel der \nVerarbeitung von personenbezogenen Daten (z.B. Namen, E-Mail-Adressen o.\n \u00c4.) entscheidet.<\/p>\n\n\n\n<h3 class=\"wp-block-heading\">Widerruf Ihrer Einwilligung zur Datenverarbeitung<\/h3>\n\n\n\n<p>Viele Datenverarbeitungsvorg\u00e4nge sind nur mit Ihrer ausdr\u00fccklichen  Einwilligung m\u00f6glich. Sie k\u00f6nnen eine bereits erteilte Einwilligung  jederzeit widerrufen. Dazu reicht eine formlose Mitteilung per E-Mail info@werkstatt-lechmann.de an  uns. Die Rechtm\u00e4\u00dfigkeit der bis zum Widerruf erfolgten  Datenverarbeitung bleibt vom Widerruf unber\u00fchrt.<\/p>\n\n\n\n<h3 class=\"wp-block-heading\">Recht auf Daten\u00fcbertragbarkeit<\/h3>\n\n\n\n<p>Sie haben das Recht, Daten, die wir auf Grundlage Ihrer Einwilligung \noder in Erf\u00fcllung eines Vertrags automatisiert verarbeiten, an sich oder\n an einen Dritten in einem g\u00e4ngigen, maschinenlesbaren Format \naush\u00e4ndigen zu lassen. Sofern Sie die direkte \u00dcbertragung der Daten an \neinen anderen Verantwortlichen verlangen, erfolgt dies nur, soweit es \ntechnisch machbar ist.<\/p>\n\n\n\n<h3 class=\"wp-block-heading\">SSL- bzw. TLS-Verschl\u00fcsselung<\/h3>\n\n\n\n<p>Diese Seite nutzt aus Sicherheitsgr\u00fcnden und zum Schutz der \n\u00dcbertragung vertraulicher Inhalte, wie zum Beispiel Bestellungen oder \nAnfragen, die Sie an uns als Seitenbetreiber senden, eine SSL-bzw. \nTLS-Verschl\u00fcsselung. Eine verschl\u00fcsselte Verbindung erkennen Sie daran, \ndass die Adresszeile des Browsers von \u201chttps:\/\/\u201d auf \u201chttps:\/\/\u201d wechselt\n und an dem Schloss-Symbol in Ihrer Browserzeile.<\/p>\n\n\n\n<p>Wenn die SSL- bzw. TLS-Verschl\u00fcsselung aktiviert ist, k\u00f6nnen die \nDaten, die Sie an uns \u00fcbermitteln, nicht von Dritten mitgelesen werden.<\/p>\n\n\n\n<h3 class=\"wp-block-heading\">Auskunft, Sperrung, L\u00f6schung<\/h3>\n\n\n\n<p>Sie haben im Rahmen der geltenden gesetzlichen Bestimmungen jederzeit\n das Recht auf unentgeltliche Auskunft \u00fcber Ihre gespeicherten \npersonenbezogenen Daten, deren Herkunft und Empf\u00e4nger und den Zweck der \nDatenverarbeitung und ggf. ein Recht auf Berichtigung, Sperrung oder \nL\u00f6schung dieser Daten. Hierzu sowie zu weiteren Fragen zum Thema \npersonenbezogene Daten k\u00f6nnen Sie sich jederzeit unter der im Impressum \nangegebenen Adresse an uns wenden.<\/p>\n\n\n\n<h2 class=\"wp-block-heading\">3. Datenerfassung auf unserer Website<\/h2>\n\n\n\n<h3 class=\"wp-block-heading\">Cookies<\/h3>\n\n\n\n<p>Die Internetseiten verwenden teilweise so genannte Cookies. Cookies \nrichten auf Ihrem Rechner keinen Schaden an und enthalten keine Viren. \nCookies dienen dazu, unser Angebot nutzerfreundlicher, effektiver und \nsicherer zu machen. Cookies sind kleine Textdateien, die auf Ihrem \nRechner abgelegt werden und die Ihr Browser speichert.<\/p>\n\n\n\n<p>Die meisten der von uns verwendeten Cookies sind so genannte \n\u201cSession-Cookies\u201d. Sie werden nach Ende Ihres Besuchs automatisch \ngel\u00f6scht. Andere Cookies bleiben auf Ihrem Endger\u00e4t gespeichert bis Sie \ndiese l\u00f6schen. Diese Cookies erm\u00f6glichen es uns, Ihren Browser beim \nn\u00e4chsten Besuch wiederzuerkennen.<\/p>\n\n\n\n<p>Sie k\u00f6nnen Ihren Browser so einstellen, dass Sie \u00fcber das Setzen von \nCookies informiert werden und Cookies nur im Einzelfall erlauben, die \nAnnahme von Cookies f\u00fcr bestimmte F\u00e4lle oder generell ausschlie\u00dfen sowie\n das automatische L\u00f6schen der Cookies beim Schlie\u00dfen des Browser \naktivieren. Bei der Deaktivierung von Cookies kann die Funktionalit\u00e4t \ndieser Website eingeschr\u00e4nkt sein.<\/p>\n\n\n\n<p>Cookies, die zur Durchf\u00fchrung des elektronischen \nKommunikationsvorgangs oder zur Bereitstellung bestimmter, von Ihnen \nerw\u00fcnschter Funktionen (z.B. Warenkorbfunktion) erforderlich sind, \nwerden auf Grundlage von Art. 6 Abs. 1 lit. f DSGVO gespeichert. Der \nWebsitebetreiber hat ein berechtigtes Interesse an der Speicherung von \nCookies zur technisch fehlerfreien und optimierten Bereitstellung seiner\n Dienste. Soweit andere Cookies (z.B. Cookies zur Analyse Ihres \nSurfverhaltens) gespeichert werden, werden diese in dieser \nDatenschutzerkl\u00e4rung gesondert behandelt.<\/p>\n\n\n\n<h3 class=\"wp-block-heading\">Server-Log-Dateien<\/h3>\n\n\n\n<p>Der Provider der Seiten erhebt und speichert automatisch \nInformationen in so genannten Server-Log-Dateien, die Ihr Browser \nautomatisch an uns \u00fcbermittelt. Dies sind:<\/p>\n\n\n\n<ul class=\"wp-block-list\"><li>Browsertyp und Browserversion<\/li><li>verwendetes Betriebssystem<\/li><li>Referrer URL<\/li><li>Hostname des zugreifenden Rechners<\/li><li>Uhrzeit der Serveranfrage<\/li><li>IP-Adresse<\/li><\/ul>\n\n\n\n<p>Eine Zusammenf\u00fchrung dieser Daten mit anderen Datenquellen wird nicht vorgenommen.<\/p>\n\n\n\n<p>Grundlage f\u00fcr die Datenverarbeitung ist Art. 6 Abs. 1 lit. f DSGVO, \nder die Verarbeitung von Daten zur Erf\u00fcllung eines Vertrags oder \nvorvertraglicher Ma\u00dfnahmen gestattet.<\/p>\n\n\n\n<h3 class=\"wp-block-heading\">Kontaktformular<\/h3>\n\n\n\n<p>Wenn Sie uns per Kontaktformular Anfragen zukommen lassen, werden \nIhre Angaben aus dem Anfrageformular inklusive der von Ihnen dort \nangegebenen Kontaktdaten zwecks Bearbeitung der Anfrage und f\u00fcr den Fall\n von Anschlussfragen bei uns gespeichert. Diese Daten geben wir nicht \nohne Ihre Einwilligung weiter.<\/p>\n\n\n\n<p>Die Verarbeitung der in das Kontaktformular eingegebenen Daten \nerfolgt somit ausschlie\u00dflich auf Grundlage Ihrer Einwilligung (Art. 6 \nAbs. 1 lit. a DSGVO). Sie k\u00f6nnen diese Einwilligung jederzeit \nwiderrufen. Dazu reicht eine formlose Mitteilung per E-Mail an uns. Die \nRechtm\u00e4\u00dfigkeit der bis zum Widerruf erfolgten Datenverarbeitungsvorg\u00e4nge\n bleibt vom Widerruf unber\u00fchrt.<\/p>\n\n\n\n<p>Die von Ihnen im Kontaktformular eingegebenen Daten verbleiben bei \nuns, bis Sie uns zur L\u00f6schung auffordern, Ihre Einwilligung zur \nSpeicherung widerrufen oder der Zweck f\u00fcr die Datenspeicherung entf\u00e4llt \n(z.B. nach abgeschlossener Bearbeitung Ihrer Anfrage). Zwingende \ngesetzliche Bestimmungen \u2013 insbesondere Aufbewahrungsfristen \u2013 bleiben \nunber\u00fchrt.<\/p>\n\n\n\n<h2 class=\"wp-block-heading\">4. Soziale Medien<\/h2>\n\n\n\n<h3 class=\"wp-block-heading\">Facebook-Plugins (Like &amp; Share-Button)<\/h3>\n\n\n\n<p>Auf unseren Seiten sind Plugins des sozialen Netzwerks Facebook, \nAnbieter Facebook Inc., 1 Hacker Way, Menlo Park, California 94025, USA,\n integriert. Die Facebook-Plugins erkennen Sie an dem Facebook-Logo oder\n dem &#8222;Like-Button&#8220; (&#8222;Gef\u00e4llt mir&#8220;) auf unserer Seite. Eine \u00dcbersicht \n\u00fcber die Facebook-Plugins finden Sie hier: <a href=\"https:\/\/developers.facebook.com\/docs\/plugins\/\" target=\"_blank\" rel=\"noreferrer noopener\">https:\/\/developers.facebook.com\/docs\/plugins\/<\/a>.<\/p>\n\n\n\n<p>Wenn Sie unsere Seiten besuchen, wird \u00fcber das Plugin eine direkte \nVerbindung zwischen Ihrem Browser und dem Facebook-Server hergestellt. \nFacebook erh\u00e4lt dadurch die Information, dass Sie mit Ihrer IP-Adresse \nunsere Seite besucht haben. Wenn Sie den Facebook &#8222;Like-Button&#8220; \nanklicken w\u00e4hrend Sie in Ihrem Facebook-Account eingeloggt sind, k\u00f6nnen \nSie die Inhalte unserer Seiten auf Ihrem Facebook-Profil verlinken. \nDadurch kann Facebook den Besuch unserer Seiten Ihrem Benutzerkonto \nzuordnen. Wir weisen darauf hin, dass wir als Anbieter der Seiten keine \nKenntnis vom Inhalt der \u00fcbermittelten Daten sowie deren Nutzung durch \nFacebook erhalten. Weitere Informationen hierzu finden Sie in der \nDatenschutzerkl\u00e4rung von Facebook unter: <a href=\"https:\/\/de-de.facebook.com\/policy.php\" target=\"_blank\" rel=\"noreferrer noopener\">https:\/\/de-de.facebook.com\/policy.php<\/a>.<\/p>\n\n\n\n<p>Wenn Sie nicht w\u00fcnschen, dass Facebook den Besuch unserer Seiten \nIhrem Facebook-Nutzerkonto zuordnen kann, loggen Sie sich bitte aus \nIhrem Facebook-Benutzerkonto aus.<\/p>\n\n\n\n<h3 class=\"wp-block-heading\">Twitter Plugin<\/h3>\n\n\n\n<p>Auf unseren Seiten sind Funktionen des Dienstes Twitter eingebunden. \nDiese Funktionen werden angeboten durch die Twitter Inc., 1355 Market \nStreet, Suite 900, San Francisco, CA 94103, USA. Durch das Benutzen von \nTwitter und der Funktion &#8222;Re-Tweet&#8220; werden die von Ihnen besuchten \nWebsites mit Ihrem Twitter-Account verkn\u00fcpft und anderen Nutzern bekannt\n gegeben. Dabei werden auch Daten an Twitter \u00fcbertragen. Wir weisen \ndarauf hin, dass wir als Anbieter der Seiten keine Kenntnis vom Inhalt \nder \u00fcbermittelten Daten sowie deren Nutzung durch Twitter erhalten. \nWeitere Informationen hierzu finden Sie in der Datenschutzerkl\u00e4rung von \nTwitter unter: <a href=\"https:\/\/twitter.com\/privacy\" target=\"_blank\" rel=\"noreferrer noopener\">https:\/\/twitter.com\/privacy<\/a>.<\/p>\n\n\n\n<p>Ihre Datenschutzeinstellungen bei Twitter k\u00f6nnen Sie in den Konto-Einstellungen unter <a href=\"https:\/\/twitter.com\/account\/settings\" target=\"_blank\" rel=\"noreferrer noopener\">https:\/\/twitter.com\/account\/settings<\/a> \u00e4ndern.<\/p>\n\n\n\n<h3 class=\"wp-block-heading\">Google+ Plugin<\/h3>\n\n\n\n<p>Unsere Seiten nutzen Funktionen von Google+. Anbieter ist die Google \nInc., 1600 Amphitheatre Parkway, Mountain View, CA 94043, USA.<\/p>\n\n\n\n<p>Erfassung und Weitergabe von Informationen: Mithilfe der \nGoogle+-Schaltfl\u00e4che k\u00f6nnen Sie Informationen weltweit ver\u00f6ffentlichen. \n\u00dcber die Google+-Schaltfl\u00e4che erhalten Sie und andere Nutzer \npersonalisierte Inhalte von Google und unseren Partnern. Google \nspeichert sowohl die Information, dass Sie f\u00fcr einen Inhalt +1 gegeben \nhaben, als auch Informationen \u00fcber die Seite, die Sie beim Klicken auf \n+1 angesehen haben. Ihre +1 k\u00f6nnen als Hinweise zusammen mit Ihrem \nProfilnamen und Ihrem Foto in Google-Diensten, wie etwa in \nSuchergebnissen oder in Ihrem Google-Profil, oder an anderen Stellen auf\n Websites und Anzeigen im Internet eingeblendet werden.<\/p>\n\n\n\n<p>Google zeichnet Informationen \u00fcber Ihre +1-Aktivit\u00e4ten auf, um die \nGoogle-Dienste f\u00fcr Sie und andere zu verbessern. Um die \nGoogle+-Schaltfl\u00e4che verwenden zu k\u00f6nnen, ben\u00f6tigen Sie ein weltweit \nsichtbares, \u00f6ffentliches Google-Profil, das zumindest den f\u00fcr das Profil\n gew\u00e4hlten Namen enthalten muss. Dieser Name wird in allen \nGoogle-Diensten verwendet. In manchen F\u00e4llen kann dieser Name auch einen\n anderen Namen ersetzen, den Sie beim Teilen von Inhalten \u00fcber Ihr \nGoogle-Konto verwendet haben. Die Identit\u00e4t Ihres Google-Profils kann \nNutzern angezeigt werden, die Ihre E-Mail-Adresse kennen oder \u00fcber \nandere identifizierende Informationen von Ihnen verf\u00fcgen.<\/p>\n\n\n\n<p>Verwendung der erfassten Informationen: Neben den oben erl\u00e4uterten \nVerwendungszwecken werden die von Ihnen bereitgestellten Informationen \ngem\u00e4\u00df den geltenden Google-Datenschutzbestimmungen genutzt. Google \nver\u00f6ffentlicht m\u00f6glicherweise zusammengefasste Statistiken \u00fcber die \n+1-Aktivit\u00e4ten der Nutzer bzw. gibt diese an Nutzer und Partner weiter, \nwie etwa Publisher, Inserenten oder verbundene Websites.<\/p>\n\n\n\n<h3 class=\"wp-block-heading\">Instagram Plugin<\/h3>\n\n\n\n<p>Auf unseren Seiten sind Funktionen des Dienstes Instagram \neingebunden. Diese Funktionen werden angeboten durch die Instagram Inc.,\n 1601 Willow Road, Menlo Park, CA 94025, USA integriert.<\/p>\n\n\n\n<p>Wenn Sie in Ihrem Instagram-Account eingeloggt sind, k\u00f6nnen Sie durch\n Anklicken des Instagram-Buttons die Inhalte unserer Seiten mit Ihrem \nInstagram-Profil verlinken. Dadurch kann Instagram den Besuch unserer \nSeiten Ihrem Benutzerkonto zuordnen. Wir weisen darauf hin, dass wir als\n Anbieter der Seiten keine Kenntnis vom Inhalt der \u00fcbermittelten Daten \nsowie deren Nutzung durch Instagram erhalten.<\/p>\n\n\n\n<p>Weitere Informationen hierzu finden Sie in der Datenschutzerkl\u00e4rung von Instagram: <a href=\"https:\/\/instagram.com\/about\/legal\/privacy\/\" target=\"_blank\" rel=\"noreferrer noopener\">https:\/\/instagram.com\/about\/legal\/privacy\/<\/a>.<\/p>\n\n\n\n<h2 class=\"wp-block-heading\">5. Analyse Tools und Werbung<\/h2>\n\n\n\n<h3 class=\"wp-block-heading\">Google reCAPTCHA<\/h3>\n\n\n\n<p>Wir nutzen \u201cGoogle reCAPTCHA\u201d (im Folgenden \u201creCAPTCHA\u201d) auf unseren \nWebsites. Anbieter ist die Google Inc., 1600 Amphitheatre Parkway, \nMountain View, CA 94043, USA (\u201cGoogle\u201d).<\/p>\n\n\n\n<p>Mit reCAPTCHA soll \u00fcberpr\u00fcft werden, ob die Dateneingabe auf unseren \nWebsites (z.B. in einem Kontaktformular) durch einen Menschen oder durch\n ein automatisiertes Programm erfolgt. Hierzu analysiert reCAPTCHA das \nVerhalten des Websitebesuchers anhand verschiedener Merkmale. Diese \nAnalyse beginnt automatisch, sobald der Websitebesucher die Website \nbetritt. Zur Analyse wertet reCAPTCHA verschiedene Informationen aus \n(z.B. IP-Adresse, Verweildauer des Websitebesuchers auf der Website oder\n vom Nutzer get\u00e4tigte Mausbewegungen). Die bei der Analyse erfassten \nDaten werden an Google weitergeleitet.<\/p>\n\n\n\n<p>Die reCAPTCHA-Analysen laufen vollst\u00e4ndig im Hintergrund. \nWebsitebesucher werden nicht darauf hingewiesen, dass eine Analyse \nstattfindet.<\/p>\n\n\n\n<p>Die Datenverarbeitung erfolgt auf Grundlage von Art. 6 Abs. 1 lit. f \nDSGVO. Der Websitebetreiber hat ein berechtigtes Interesse daran, seine \nWebangebote vor missbr\u00e4uchlicher automatisierter Aussp\u00e4hung und vor SPAM\n zu sch\u00fctzen.<\/p>\n\n\n\n<p>Weitere Informationen zu Google reCAPTCHA sowie die Datenschutzerkl\u00e4rung von Google entnehmen Sie folgenden Links: <a href=\"https:\/\/www.google.com\/intl\/de\/policies\/privacy\/\" target=\"_blank\" rel=\"noreferrer noopener\">https:\/\/www.google.com\/intl\/de\/policies\/privacy\/<\/a> und <a href=\"https:\/\/www.google.com\/recaptcha\/intro\/android.html\" target=\"_blank\" rel=\"noreferrer noopener\">https:\/\/www.google.com\/recaptcha\/intro\/android.html<\/a>.<\/p>\n\n\n\n<h2 class=\"wp-block-heading\">6. Plugins und Tools<\/h2>\n\n\n\n<h3 class=\"wp-block-heading\">Google Web Fonts<\/h3>\n\n\n\n<p>Diese Seite nutzt zur einheitlichen Darstellung von Schriftarten so \ngenannte Web Fonts, die von Google bereitgestellt werden. Beim Aufruf \neiner Seite l\u00e4dt Ihr Browser die ben\u00f6tigten Web Fonts in ihren \nBrowsercache, um Texte und Schriftarten korrekt anzuzeigen.<\/p>\n\n\n\n<p>Zu diesem Zweck muss der von Ihnen verwendete Browser Verbindung zu \nden Servern von Google aufnehmen. Hierdurch erlangt Google Kenntnis \ndar\u00fcber, dass \u00fcber Ihre IP-Adresse unsere Website aufgerufen wurde. Die \nNutzung von Google Web Fonts erfolgt im Interesse einer einheitlichen \nund ansprechenden Darstellung unserer Online-Angebote. Dies stellt ein \nberechtigtes Interesse im Sinne von Art. 6 Abs. 1 lit. f DSGVO dar.<\/p>\n\n\n\n<p>Wenn Ihr Browser Web Fonts nicht unterst\u00fctzt, wird eine Standardschrift von Ihrem Computer genutzt.<\/p>\n\n\n\n<p>Weitere Informationen zu Google Web Fonts finden Sie unter <a href=\"https:\/\/developers.google.com\/fonts\/faq\" target=\"_blank\" rel=\"noreferrer noopener\">https:\/\/developers.google.com\/fonts\/faq<\/a> und in der Datenschutzerkl\u00e4rung von Google: <a href=\"https:\/\/www.google.com\/policies\/privacy\/\" target=\"_blank\" rel=\"noreferrer noopener\">https:\/\/www.google.com\/policies\/privacy\/<\/a>.<\/p>\n\n\n\n<h3 class=\"wp-block-heading\">Google Maps<\/h3>\n\n\n\n<p>Diese Seite nutzt \u00fcber eine API den Kartendienst Google Maps. \nAnbieter ist die Google Inc., 1600 Amphitheatre Parkway, Mountain View, \nCA 94043, USA.<\/p>\n\n\n\n<p>Zur Nutzung der Funktionen von Google Maps ist es notwendig, Ihre IP \nAdresse zu speichern. Diese Informationen werden in der Regel an einen \nServer von Google in den USA \u00fcbertragen und dort gespeichert. Der \nAnbieter dieser Seite hat keinen Einfluss auf diese Daten\u00fcbertragung.<\/p>\n\n\n\n<p>Die Nutzung von Google Maps erfolgt im Interesse einer ansprechenden \nDarstellung unserer Online-Angebote und an einer leichten Auffindbarkeit\n der von uns auf der Website angegebenen Orte. Dies stellt ein \nberechtigtes Interesse im Sinne von Art. 6 Abs. 1 lit. f DSGVO dar.<\/p>\n\n\n\n<p>Mehr Informationen zum Umgang mit Nutzerdaten finden Sie in der Datenschutzerkl\u00e4rung von Google: <a href=\"https:\/\/www.google.de\/intl\/de\/policies\/privacy\/\" target=\"_blank\" rel=\"noreferrer noopener\">https:\/\/www.google.de\/intl\/de\/policies\/privacy\/<\/a>.<\/p>\n","protected":false},"excerpt":{"rendered":"<p>1. Datenschutz auf einen Blick Allgemeine Hinweise Die folgenden Hinweise geben einen einfachen \u00dcberblick dar\u00fcber, was mit Ihren personenbezogenen Daten passiert, wenn Sie unsere Website besuchen. Personenbezogene Daten sind alle Daten, mit denen Sie pers\u00f6nlich identifiziert werden k\u00f6nnen. Ausf\u00fchrliche Informationen zum Thema Datenschutz entnehmen Sie unserer unter diesem Text aufgef\u00fchrten Datenschutzerkl\u00e4rung. Analyse-Tools und Tools von [&hellip;]<\/p>\n","protected":false},"author":1,"featured_media":0,"parent":0,"menu_order":0,"comment_status":"closed","ping_status":"closed","template":"","meta":{"_monsterinsights_skip_tracking":false,"_monsterinsights_sitenote_active":false,"_monsterinsights_sitenote_note":"","_monsterinsights_sitenote_category":0,"footnotes":""},"class_list":["post-318","page","type-page","status-publish","hentry"],"_links":{"self":[{"href":"https:\/\/werkstatt-lechmann.de\/index.php?rest_route=\/wp\/v2\/pages\/318","targetHints":{"allow":["GET"]}}],"collection":[{"href":"https:\/\/werkstatt-lechmann.de\/index.php?rest_route=\/wp\/v2\/pages"}],"about":[{"href":"https:\/\/werkstatt-lechmann.de\/index.php?rest_route=\/wp\/v2\/types\/page"}],"author":[{"embeddable":true,"href":"https:\/\/werkstatt-lechmann.de\/index.php?rest_route=\/wp\/v2\/users\/1"}],"replies":[{"embeddable":true,"href":"https:\/\/werkstatt-lechmann.de\/index.php?rest_route=%2Fwp%2Fv2%2Fcomments&post=318"}],"version-history":[{"count":7,"href":"https:\/\/werkstatt-lechmann.de\/index.php?rest_route=\/wp\/v2\/pages\/318\/revisions"}],"predecessor-version":[{"id":345,"href":"https:\/\/werkstatt-lechmann.de\/index.php?rest_route=\/wp\/v2\/pages\/318\/revisions\/345"}],"wp:attachment":[{"href":"https:\/\/werkstatt-lechmann.de\/index.php?rest_route=%2Fwp%2Fv2%2Fmedia&parent=318"}],"curies":[{"name":"wp","href":"https:\/\/api.w.org\/{rel}","templated":true}]}}