{"id":309,"date":"2019-05-19T20:48:41","date_gmt":"2019-05-19T20:48:41","guid":{"rendered":"http:\/\/werkstatt-lechmann.de\/?page_id=309"},"modified":"2019-05-19T20:49:43","modified_gmt":"2019-05-19T20:49:43","slug":"agb","status":"publish","type":"page","link":"https:\/\/werkstatt-lechmann.de\/?page_id=309","title":{"rendered":"agb"},"content":{"rendered":"<p>AGB (Allgemeine Gesch\u00e4ftsbedingungen)<br \/>\nBedingungen f\u00fcr die Vermietung von Hebeb\u00fchnen, Werkzeug und Maschinen zur Reparatur von Kraftfahrzeugen (Oldtimern)<br \/>\n1. Vertragsgegenstand a. Der Vermieter stellt dem Mieter R\u00e4umlichkeiten, Hebeb\u00fchnen und Werkzeug zur Reparatur von Kraftfahrzeugen gegen Entgelt zur Verf\u00fcgung. b. Der Vermieter kann f\u00fcr die sachkundige Benutzung von Werkzeug und Maschinen beratend t\u00e4tig werden. Der Mieter hat jedoch keinen Anspruch auf eine Beratung \u00fcber die Ausf\u00fchrung oder Zul\u00e4ssigkeit der geplanten Reparatur.<br \/>\n2. Vertragsabschluss, -dauer und Preise a. Der Mietvertrag kommt zustande durch Unterzeichnung eines schriftlichen Mietvertrages durch den Mieter. In dem Mietvertrag wird der Mietumfang (Hebeb\u00fchne, ben\u00f6tigte Werkzeuge, etc.) festgelegt, sowie der Zeitpunkt des Beginnes des Mietverh\u00e4ltnisses. b. Der Mietvertrag kann jederzeit vom Mieter um weitere Leistungen (Spezialwerkzeug) erweitert werden.<br \/>\nc. Werden einzelne Mietgegenst\u00e4nde wieder zur\u00fcckgegeben, so wird die R\u00fccknahme auf dem Auftrag notiert. d. Der Mietvertrag endet mit ordnungsgem\u00e4\u00dfer R\u00fcckgabe aller angemieteten Mietgegenst\u00e4nde, sowie Erstellung der Rechnung \u00fcber den Mietzins und eventuell vereinbarte Zusatzleistungen.<br \/>\n3. Pflichten des Vermieters a. Der Vermieter stellt Werkzeuge gegen Entgelt zur Verf\u00fcgung. Weiteres Werkzeug kann der Vermieter auf Anfrage zur Verf\u00fcgung stellen, ein Anspruch hierauf besteht nicht. b. Der Vermieter stellt sicher, dass die ausgegebenen Werkzeuge in einwandfreiem Zustand sind und den geltenden Unfallverh\u00fctungsvorschriften entsprechen.<br \/>\n4. Pflichten des Mieters a. Der Mieter hat mit den angemieteten Werkzeugen und Maschinen sorgf\u00e4ltig umzugehen, sowie gereinigt zur\u00fcck zu geben. b. Der Arbeitsplatz ist sauber zu halten und nach Beendigung des Mietverh\u00e4ltnisses wieder gereinigt zu hinterlassen. Bei Nichtbeachtung entstehen Reinigungskosten. c. Im Falle einer schuldhaften Besch\u00e4digung \u00fcberlassener Mietgegenst\u00e4nde oder sonstiger Betriebseinrichtungen des Vermieters, auch bei unsachgem\u00e4\u00dfer Bedienung, ist der Mieter zum Schadensersatz verpflichtet. d. Der Mieter hat den Anweisungen des Vermieters unbedingt Folge zu leisten.<br \/>\n5. Haftungsausschl\u00fcsse a. Der Vermieter haftet nicht f\u00fcr die Arbeiten, die der Mieter an seinem Fahrzeug durchf\u00fchrt. b. Eventuelle Beratungen durch den Vermieter erfolgen nach bestem Wissen und Gewissen, gleichwohl unverbindlich.<br \/>\nc. Nimmt ein Mieter Umbauten an seinem Fahrzeug vor, die gegen die Stra\u00dfenverkehrsordnung versto\u00dfen, so kann der Vermieter hierf\u00fcr nicht haftbar gemacht werden. d. Die Benutzung der Mietwerkstatt erfolgt auf eigene Gefahr. Im Falle von Unf\u00e4llen, bedingt durch Verkehrssicherungspflichtverletzungen des Vermieters bleibt die Haftung des Vermieters beschr\u00e4nkt auf F\u00e4lle vors\u00e4tzlicher oder grob fahrl\u00e4ssiger Pflichtverletzungen. Dies gilt nicht im Falle von Schadensersatzanspr\u00fcchen aus der Verletzung von Leben, K\u00f6rper oder Gesundheit des Mieters. 6. Zahlung a. Der Rechnungsbetrag f\u00fcr die Miete ist vor Verlassen der Werkstatt sofort in bar zu bezahlen. b. Eine Aufrechnung des Mieters mit Anspr\u00fcchen gegen den Vermieter ist nur m\u00f6glich, wenn die Gegenforderung des Mieters unbestritten ist oder ein rechtskr\u00e4ftiger Titel vorliegt; ein Zur\u00fcckbehaltungsrecht kann der Mieter nur geltend machen, soweit es auf Anspr\u00fcchen aus dem Mietverh\u00e4ltnis beruht. c. Der Vermieter ist berechtigt, bei Mietbeginn eine entsprechende Vorauszahlung zu verlangen. 7. Erweitertes Pfandrecht Dem Vermieter steht wegen seiner Forderung aus dem Mietverh\u00e4ltnis ein vertragliches Pfandrecht an den aufgrund des Mietverh\u00e4ltnisses in seine R\u00e4umlichkeiten gelangten Gegenst\u00e4nden zu. 8. Geltung weiterer Allgemeiner Gesch\u00e4ftsbedingungen a. Erwirbt der Mieter beim Vermieter Ersatzteile, Schmierstoffe o.\u00e4., so gelten hierf\u00fcr die Lieferbedingungen der Zulieferfirmen f\u00fcr Ersatz- und Austauschteile. Elektronische Bauteile sind von der R\u00fcckgabe ausgeschlossen.<\/p>\n<p><!-- {\"name\":\"\",\"type\":\"layout\",\"children\":[{\"name\":\"\",\"type\":\"section\",\"props\":{\"style\":\"default\",\"width\":\"default\",\"vertical_align\":\"middle\",\"title_position\":\"top-left\",\"title_rotation\":\"left\",\"title_breakpoint\":\"xl\",\"image_position\":\"center-center\",\"text_color\":\"\",\"width_expand\":\"\",\"height\":\"\",\"padding\":\"\",\"header_transparent\":\"\",\"animation\":\"\"},\"children\":[{\"name\":\"\",\"type\":\"row\",\"props\":{\"layout\":\"1-1\",\"breakpoint\":\"m\",\"fixed_width\":\"large\",\"gutter\":\"\",\"width\":\"\",\"width_expand\":\"\",\"height\":\"\",\"margin\":\"\"},\"children\":[{\"name\":\"\",\"type\":\"column\",\"props\":{\"widths\":[\"1-1\"],\"image_position\":\"center-center\",\"media_overlay_gradient\":\"\",\"vertical_align\":\"\",\"style\":\"\",\"text_color\":\"\",\"padding\":\"\"},\"children\":[{\"name\":\"\",\"type\":\"text\",\"props\":{\"margin\":\"default\",\"column_breakpoint\":\"m\",\"text_style\":\"\",\"text_color\":\"\",\"text_size\":\"\",\"column\":\"\",\"text_align\":\"\",\"text_align_breakpoint\":\"\",\"text_align_fallback\":\"\",\"maxwidth\":\"\",\"maxwidth_align\":\"\",\"maxwidth_breakpoint\":\"\",\"animation\":\"\",\"visibility\":\"\",\"content\":\"\n\n<p>AGB (Allgemeine Gesch\\u00e4ftsbedingungen)<\\\/p>\\n\n\n<p>Bedingungen f\\u00fcr die Vermietung von Hebeb\\u00fchnen, Werkzeug und Maschinen zur Reparatur von Kraftfahrzeugen (Oldtimern)<\\\/p>\\n\n\n<p>1. Vertragsgegenstand <br \\\/><br \\\/>a. Der Vermieter stellt dem Mieter R\\u00e4umlichkeiten, Hebeb\\u00fchnen und Werkzeug zur Reparatur von Kraftfahrzeugen gegen Entgelt zur Verf\\u00fcgung. <br \\\/><br \\\/>b. Der Vermieter kann f\\u00fcr die sachkundige Benutzung von Werkzeug und Maschinen beratend t\\u00e4tig werden. Der Mieter hat jedoch keinen Anspruch auf eine Beratung \\u00fcber die Ausf\\u00fchrung oder Zul\\u00e4ssigkeit der geplanten Reparatur.<\\\/p>\\n\n\n<p>2. Vertragsabschluss, -dauer und Preise <br \\\/><br \\\/>a. Der Mietvertrag kommt zustande durch Unterzeichnung eines schriftlichen Mietvertrages durch den Mieter. In dem Mietvertrag wird der Mietumfang (Hebeb\\u00fchne, ben\\u00f6tigte Werkzeuge, etc.) festgelegt, sowie der Zeitpunkt des Beginnes des Mietverh\\u00e4ltnisses. <br \\\/><br \\\/>b. Der Mietvertrag kann jederzeit vom Mieter um weitere Leistungen (Spezialwerkzeug) erweitert werden.<\\\/p>\\n\n\n<p>c. Werden einzelne Mietgegenst\\u00e4nde wieder zur\\u00fcckgegeben, so wird die R\\u00fccknahme auf dem Auftrag notiert. <br \\\/><br \\\/>d. Der Mietvertrag endet mit ordnungsgem\\u00e4\\u00dfer R\\u00fcckgabe aller angemieteten Mietgegenst\\u00e4nde, sowie Erstellung der Rechnung \\u00fcber den Mietzins und eventuell vereinbarte Zusatzleistungen.<\\\/p>\\n\n\n<p>3. Pflichten des Vermieters <br \\\/><br \\\/>a. Der Vermieter stellt Werkzeuge gegen Entgelt zur Verf\\u00fcgung. Weiteres Werkzeug kann der Vermieter auf Anfrage zur Verf\\u00fcgung stellen, ein Anspruch hierauf besteht nicht. <br \\\/><br \\\/>b. Der Vermieter stellt sicher, dass die ausgegebenen Werkzeuge in einwandfreiem Zustand sind und den geltenden Unfallverh\\u00fctungsvorschriften entsprechen.<\\\/p>\\n\n\n<p>4. Pflichten des Mieters <br \\\/><br \\\/>a. Der Mieter hat mit den angemieteten Werkzeugen und Maschinen sorgf\\u00e4ltig umzugehen, sowie gereinigt zur\\u00fcck zu geben. <br \\\/><br \\\/>b. Der Arbeitsplatz ist sauber zu halten und nach Beendigung des Mietverh\\u00e4ltnisses wieder gereinigt zu hinterlassen. Bei Nichtbeachtung entstehen Reinigungskosten. <br \\\/><br \\\/>c. Im Falle einer schuldhaften Besch\\u00e4digung \\u00fcberlassener Mietgegenst\\u00e4nde oder sonstiger Betriebseinrichtungen des Vermieters, auch bei unsachgem\\u00e4\\u00dfer Bedienung, ist der Mieter zum Schadensersatz verpflichtet. <br \\\/><br \\\/>d. Der Mieter hat den Anweisungen des Vermieters unbedingt Folge zu leisten.<\\\/p>\\n\n\n<p>5. Haftungsausschl\\u00fcsse <br \\\/><br \\\/>a. Der Vermieter haftet nicht f\\u00fcr die Arbeiten, die der Mieter an seinem Fahrzeug durchf\\u00fchrt. <br \\\/><br \\\/>b. Eventuelle Beratungen durch den Vermieter erfolgen nach bestem Wissen und Gewissen, gleichwohl unverbindlich.<\\\/p>\\n\n\n<p>c. Nimmt ein Mieter Umbauten an seinem Fahrzeug vor, die gegen die Stra\\u00dfenverkehrsordnung versto\\u00dfen, so kann der Vermieter hierf\\u00fcr nicht haftbar gemacht werden. <br \\\/><br \\\/>d. Die Benutzung der Mietwerkstatt erfolgt auf eigene Gefahr. Im Falle von Unf\\u00e4llen, bedingt durch Verkehrssicherungspflichtverletzungen des Vermieters bleibt die Haftung des Vermieters beschr\\u00e4nkt auf F\\u00e4lle vors\\u00e4tzlicher oder grob fahrl\\u00e4ssiger Pflichtverletzungen. Dies gilt nicht im Falle von Schadensersatzanspr\\u00fcchen aus der Verletzung von Leben, K\\u00f6rper oder Gesundheit des Mieters. <br \\\/><br \\\/>6. Zahlung <br \\\/><br \\\/>a. Der Rechnungsbetrag f\\u00fcr die Miete ist vor Verlassen der Werkstatt sofort in bar zu bezahlen. <br \\\/><br \\\/>b. Eine Aufrechnung des Mieters mit Anspr\\u00fcchen gegen den Vermieter ist nur m\\u00f6glich, wenn die Gegenforderung des Mieters unbestritten ist oder ein rechtskr\\u00e4ftiger Titel vorliegt; ein Zur\\u00fcckbehaltungsrecht kann der Mieter nur geltend machen, soweit es auf Anspr\\u00fcchen aus dem Mietverh\\u00e4ltnis beruht. <br \\\/><br \\\/>c. Der Vermieter ist berechtigt, bei Mietbeginn eine entsprechende Vorauszahlung zu verlangen. <br \\\/><br \\\/>7. Erweitertes Pfandrecht <br \\\/><br \\\/>Dem Vermieter steht wegen seiner Forderung aus dem Mietverh\\u00e4ltnis ein vertragliches Pfandrecht an den aufgrund des Mietverh\\u00e4ltnisses in seine R\\u00e4umlichkeiten gelangten Gegenst\\u00e4nden zu. <br \\\/><br \\\/><br \\\/>8. Geltung weiterer Allgemeiner Gesch\\u00e4ftsbedingungen <br \\\/><br \\\/>a. Erwirbt der Mieter beim Vermieter Ersatzteile, Schmierstoffe o.\\u00e4., so gelten hierf\\u00fcr die Lieferbedingungen der Zulieferfirmen f\\u00fcr Ersatz- und Austauschteile. Elektronische Bauteile sind von der R\\u00fcckgabe ausgeschlossen.<br \\\/><br \\\/><br \\\/><\\\/p>\"}}]}]}]}]} --><\/p>\n","protected":false},"excerpt":{"rendered":"<p>AGB (Allgemeine Gesch\u00e4ftsbedingungen) Bedingungen f\u00fcr die Vermietung von Hebeb\u00fchnen, Werkzeug und Maschinen zur Reparatur von Kraftfahrzeugen (Oldtimern) 1. Vertragsgegenstand a. Der Vermieter stellt dem Mieter R\u00e4umlichkeiten, Hebeb\u00fchnen und Werkzeug zur Reparatur von Kraftfahrzeugen gegen Entgelt zur Verf\u00fcgung. b. Der Vermieter kann f\u00fcr die sachkundige Benutzung von Werkzeug und Maschinen beratend t\u00e4tig werden. Der Mieter hat [&hellip;]<\/p>\n","protected":false},"author":1,"featured_media":0,"parent":0,"menu_order":0,"comment_status":"closed","ping_status":"closed","template":"","meta":{"_monsterinsights_skip_tracking":false,"_monsterinsights_sitenote_active":false,"_monsterinsights_sitenote_note":"","_monsterinsights_sitenote_category":0,"footnotes":""},"class_list":["post-309","page","type-page","status-publish","hentry"],"_links":{"self":[{"href":"https:\/\/werkstatt-lechmann.de\/index.php?rest_route=\/wp\/v2\/pages\/309","targetHints":{"allow":["GET"]}}],"collection":[{"href":"https:\/\/werkstatt-lechmann.de\/index.php?rest_route=\/wp\/v2\/pages"}],"about":[{"href":"https:\/\/werkstatt-lechmann.de\/index.php?rest_route=\/wp\/v2\/types\/page"}],"author":[{"embeddable":true,"href":"https:\/\/werkstatt-lechmann.de\/index.php?rest_route=\/wp\/v2\/users\/1"}],"replies":[{"embeddable":true,"href":"https:\/\/werkstatt-lechmann.de\/index.php?rest_route=%2Fwp%2Fv2%2Fcomments&post=309"}],"version-history":[{"count":4,"href":"https:\/\/werkstatt-lechmann.de\/index.php?rest_route=\/wp\/v2\/pages\/309\/revisions"}],"predecessor-version":[{"id":317,"href":"https:\/\/werkstatt-lechmann.de\/index.php?rest_route=\/wp\/v2\/pages\/309\/revisions\/317"}],"wp:attachment":[{"href":"https:\/\/werkstatt-lechmann.de\/index.php?rest_route=%2Fwp%2Fv2%2Fmedia&parent=309"}],"curies":[{"name":"wp","href":"https:\/\/api.w.org\/{rel}","templated":true}]}}