{"id":24,"date":"2017-08-17T07:42:56","date_gmt":"2017-08-17T07:42:56","guid":{"rendered":"http:\/\/localhost\/Themes\/2017\/Vision\/Website_WP\/index.php\/contact\/"},"modified":"2025-03-17T22:21:16","modified_gmt":"2025-03-17T22:21:16","slug":"contact","status":"publish","type":"page","link":"https:\/\/werkstatt-lechmann.de\/?page_id=24","title":{"rendered":"Contact"},"content":{"rendered":"<p>Hobbywerkstatt Lechmann Kirchstra\u00dfe 1 86926 Greifenberg OT Beuern<\/p>\n<p>081932430992<\/p>\n<p>Hobbywerkstatt.lechmann@gmail.com<\/p>\n<p><span style=\"color: #ff0000;\">\u00d6ffunungszeiten<\/span>: <strong>Dienstag bis Samstag von 11:00 &#8211; 20:00 Uhr<\/strong><\/p>\n<p>Abweichende \u00d6ffnungszeiten: siehe Google-Maps<\/p>\n<p><a href=\"https:\/\/www.google.de\/maps\/place\/MIETWERKSTATT+KFZ-HOBBYWERKSTATT+LECHMANN\/@48.087752,11.0760147,17z\/data=!3m1!4b1!4m6!3m5!1s0x479c2fd2140c0d51:0xfa139a88407fd81c!8m2!3d48.0877484!4d11.078595!16s%2Fg%2F11h6yd70hv?entry=ttu\" target=\"_blank\" rel=\"noopener\">https:\/\/www.google.de\/maps\/place\/MIETWERKSTATT+KFZ-HOBBYWERKSTATT<\/a><\/p>\n<p><span style=\"color: #ff0000;\">Keine Reservierung m\u00f6glich! Einfach ohne Voranmeldung kommen und schrauben!<\/span><\/p>\n<p>Kirchstr 1, 86926 Greifenberg OT Beuern<\/p>\n","protected":false},"excerpt":{"rendered":"<p>Hobbywerkstatt Lechmann Kirchstra\u00dfe 1 86926 Greifenberg OT Beuern 081932430992 Hobbywerkstatt.lechmann@gmail.com \u00d6ffunungszeiten: Dienstag bis Samstag von 11:00 &#8211; 20:00 Uhr Abweichende \u00d6ffnungszeiten: siehe Google-Maps https:\/\/www.google.de\/maps\/place\/MIETWERKSTATT+KFZ-HOBBYWERKSTATT Keine Reservierung m\u00f6glich! Einfach ohne Voranmeldung kommen und schrauben! Kirchstr 1, 86926 Greifenberg OT Beuern<\/p>\n","protected":false},"author":1,"featured_media":0,"parent":0,"menu_order":6,"comment_status":"closed","ping_status":"closed","template":"","meta":{"_monsterinsights_skip_tracking":false,"_monsterinsights_sitenote_active":false,"_monsterinsights_sitenote_note":"","_monsterinsights_sitenote_category":0,"footnotes":""},"class_list":["post-24","page","type-page","status-publish","hentry"],"_links":{"self":[{"href":"https:\/\/werkstatt-lechmann.de\/index.php?rest_route=\/wp\/v2\/pages\/24","targetHints":{"allow":["GET"]}}],"collection":[{"href":"https:\/\/werkstatt-lechmann.de\/index.php?rest_route=\/wp\/v2\/pages"}],"about":[{"href":"https:\/\/werkstatt-lechmann.de\/index.php?rest_route=\/wp\/v2\/types\/page"}],"author":[{"embeddable":true,"href":"https:\/\/werkstatt-lechmann.de\/index.php?rest_route=\/wp\/v2\/users\/1"}],"replies":[{"embeddable":true,"href":"https:\/\/werkstatt-lechmann.de\/index.php?rest_route=%2Fwp%2Fv2%2Fcomments&post=24"}],"version-history":[{"count":35,"href":"https:\/\/werkstatt-lechmann.de\/index.php?rest_route=\/wp\/v2\/pages\/24\/revisions"}],"predecessor-version":[{"id":465,"href":"https:\/\/werkstatt-lechmann.de\/index.php?rest_route=\/wp\/v2\/pages\/24\/revisions\/465"}],"wp:attachment":[{"href":"https:\/\/werkstatt-lechmann.de\/index.php?rest_route=%2Fwp%2Fv2%2Fmedia&parent=24"}],"curies":[{"name":"wp","href":"https:\/\/api.w.org\/{rel}","templated":true}]}}