{"id":20,"date":"2016-09-13T13:10:15","date_gmt":"2016-09-13T13:10:15","guid":{"rendered":"http:\/\/localhost\/Themes\/2017\/Vision\/Website_WP\/index.php\/services\/"},"modified":"2025-11-10T22:40:11","modified_gmt":"2025-11-10T22:40:11","slug":"services","status":"publish","type":"page","link":"https:\/\/werkstatt-lechmann.de\/","title":{"rendered":"Services"},"content":{"rendered":"<p>Herzlich Willkommen!<br \/>\nHier findest Du alles rund um dein liebstes Auto.<br \/>\nSelber Schrauben, Reparieren, Spa\u00df!<\/p>\n<p>Hobbywerkstatt in Beuern Greifenberg<\/p>\n<p>\nSparen Sie Arbeitskosten<br \/>\nGro\u00dfes Werkzeugangebot<br \/>\nRat vom Mechaniker kostenlos<br \/>\nkeine Reservierung n\u00f6tig<br \/>\neinfach ohne Voranmeldung kommen\n<\/p>\n<p>Liebe Kunden,<br \/>\nwir freuen uns, dass Sie den Weg zu uns gefunden haben! Die Hobbywerkstatt Lechmann in Beuern Greifenberg ist jetzt f\u00fcr Sie im Dienst.<br \/>\nWir bieten Ihnen\u00a0 folgende Dienstleistungen an:<\/p>\n<p>KLIMA-Service<br \/>\nBremskolbenr\u00fccksteller<br \/>\nReifenmontage + Auswuchten<br \/>\nSpezialwerkzeug aller Art<br \/>\nNeue Markenreifen aller Art (Auf Vorbestellung)<br \/>\n\u00d6lwechsel<br \/>\nAlt\u00f6lentsorgung<br \/>\nEntsorgung alter Fahrzeugteile<br \/>\nkompetente Beratung und Hilfe<br \/>\nElektronisches Auslesen der Steuerger\u00e4te Ihres Fahrzeugs<br \/>\nInspektionsservice\n<\/p>\n<p>Bei uns gibt es keine versteckten Kosten! Vor Reparaturbeginn erhalten Sie einen detaillierten Kostenvoranschlag, der alle Leistungen aufschl\u00fcsselt.<\/p>\n<p>Falls eine Reparatur oder Wartung ansteht, k\u00f6nnen Sie sich jederzeit an unser Personal wenden um fachlichen Rat zu erhalten. Gerne auch telefonisch.<\/p>\n<p>Wir verstehen wie hektisch es im Alltag manchmal sein kann alles unter einen Hut zu bringen. Aus diesem Grund bieten wir Ihnen Express Termine auch au\u00dferhalb unserer \u00d6ffnungszeiten nach telefonischer Vereinbarung.<\/p>\n<p>H\u00e4ufig gestellte Fragen<\/p>\n<p>Unsere Werkstatt befindet sich an der Ausfahrt Autobahn\u00a0 A96 Greifenberg am Ammersee und ist leicht von Eching am Ammersee, Schondorf am Ammersee, T\u00fcrkenfeld zu erreichen.<\/p>\n<p>Die Hobbywerkstatt bietet Dir die M\u00f6glichkeit und Spa\u00df dein Fahrzeug selbst zu reparieren und dabei deine Kosten zu sparen.\u00a0<\/p>\n<p>Durch ein selbst\u00e4ndiges \u00d6lwechsel kannst Du Dein Geld sparen. Wir \u00fcbernehmen dabei\u00a0 die Alt\u00f6lentsorgung.<\/p>\n<p>Mit unseren professionellen Diagnose-Ger\u00e4ten k\u00f6nnen wir die meisten Funktionen an den Steuerger\u00e4ten ausf\u00fchren. Z.B. Bremsscheiben\/-belagwechsel bei Fahrzeugen mit elektronischer Parkbremse (EPB).<br \/>\nDen Fehlerspeicher auslesen und zur\u00fccksetzen geht sowieso.<\/p>\n<p>Wir \u00a0k\u00f6nnen f\u00fcr Dich die Teile ohne Aufpreis auf Lieferung bestellen. Wir bekommen Express-Lieferungen zwei mal t\u00e4glich.<\/p>\n<p><!-- {\"name\":\"Portfolio\",\"type\":\"layout\",\"children\":[{\"name\":\"Hero\",\"type\":\"section\",\"props\":{\"width\":\"small\",\"padding\":\"xlarge\",\"style\":\"default\",\"header_overlay\":\"\",\"animation\":\"fade\",\"text_color\":\"light\",\"media\":\"\",\"image_size\":\"cover\",\"padding_remove_bottom\":false,\"vertical_align\":\"middle\",\"title_position\":\"top-left\",\"title_rotation\":\"left\",\"title_breakpoint\":\"xl\",\"image_position\":\"center-center\",\"video\":\"\",\"overlap\":false,\"media_background\":\"rgba(14, 138, 250, 0.27)\",\"media_blend_mode\":\"multiply\",\"height\":\"\",\"media_overlay\":\"rgba(30, 54, 132, 0.61)\",\"css\":\"\",\"animation_delay\":true,\"video_fallback\":\"\",\"width_expand\":\"\",\"header_transparent\":\"\",\"image\":\"wp-content\\\/uploads\\\/accident-adult-auto-2244746.jpg\",\"image_effect\":\"\",\"image_visibility\":\"\"},\"children\":[{\"name\":\"\",\"type\":\"row\",\"props\":{\"layout\":\"1-1\",\"breakpoint\":\"m\",\"fixed_width\":\"large\",\"gutter\":\"\",\"width\":\"\",\"width_expand\":\"\",\"height\":\"\",\"margin\":\"\"},\"children\":[{\"name\":\"\",\"type\":\"column\",\"props\":{\"widths\":[\"1-1\"],\"image_position\":\"center-center\",\"media_overlay_gradient\":\"\",\"vertical_align\":\"\",\"style\":\"\",\"text_color\":\"\",\"padding\":\"\"},\"children\":[{\"name\":\"\",\"type\":\"alert\",\"props\":{\"alert_style\":\"\",\"maxwidth\":\"\",\"maxwidth_align\":\"\",\"maxwidth_breakpoint\":\"\",\"margin\":\"\",\"animation\":\"\",\"visibility\":\"\",\"title\":\"\",\"content\":\"\n\n<h1 style=\\\"text-align: center;\\\"><strong><span style=\\\"color: #ff00ff;\\\"><span style=\\\"caret-color: #ff0000;\\\">Herzlich <span style=\\\"color: #0000ff;\\\">Willkommen!<\\\/span><\\\/span><\\\/span><\\\/strong><\\\/h1>\\n\n\n<p style=\\\"text-align: center;\\\">Hier findest Du alles rund um dein liebstes Auto.<\\\/p>\\n\n\n<p style=\\\"text-align: center;\\\">Selber Schrauben, Reparieren, Spa\\u00df!<\\\/p>\"}}]}]},{\"name\":\"\",\"type\":\"row\",\"props\":{\"layout\":\"1-1\",\"fixed_width\":\"large\",\"breakpoint\":\"m\",\"gutter\":\"small\",\"width\":\"\"},\"children\":[{\"name\":\"\",\"type\":\"column\",\"props\":{\"widths\":[\"1-1\"],\"image_position\":\"center-center\",\"style\":\"\",\"text_color\":\"light\"},\"children\":[{\"name\":\"\",\"type\":\"headline\",\"props\":{\"title_element\":\"h1\",\"content\":\"Hobbywerkstatt in Beuern Greifenberg\",\"maxwidth\":\"large\",\"text_align\":\"\",\"text_align_breakpoint\":\"s\",\"text_align_fallback\":\"center\",\"title_style\":\"\",\"title_decoration\":\"\",\"title_color\":\"\",\"maxwidth_align\":\"\",\"maxwidth_breakpoint\":\"\",\"margin\":\"\",\"animation\":\"\",\"visibility\":\"\"}},{\"name\":\"\",\"type\":\"text\",\"props\":{\"margin\":\"default\",\"column_breakpoint\":\"m\",\"content\":\"\n\n<ul>\\n\n\n<li>Sparen Sie Arbeitskosten<\\\/li>\\n\n\n<li>Gro\\u00dfes Werkzeugangebot<\\\/li>\\n\n\n<li>Rat vom Mechaniker kostenlos<\\\/li>\\n\n\n<li>keine Reservierung n\\u00f6tig<\\\/li>\\n\n\n<li>einfach ohne Voranmeldung kommen<\\\/li>\\n<\\\/ul>\",\"maxwidth\":\"large\",\"text_size\":\"large\",\"text_align\":\"left\",\"text_align_breakpoint\":\"s\",\"text_align_fallback\":\"center\",\"text_style\":\"\",\"text_color\":\"\",\"column\":\"\",\"maxwidth_align\":\"\",\"maxwidth_breakpoint\":\"\",\"animation\":\"\",\"visibility\":\"\"}}]}]}]},{\"name\":\"\",\"type\":\"section\",\"props\":{\"style\":\"default\",\"width\":\"default\",\"vertical_align\":\"middle\",\"title_position\":\"top-left\",\"title_rotation\":\"left\",\"title_breakpoint\":\"xl\",\"image_position\":\"center-center\",\"text_color\":\"\",\"width_expand\":\"\",\"height\":\"\",\"padding\":\"\",\"header_transparent\":\"\",\"animation\":\"\"},\"children\":[{\"name\":\"\",\"type\":\"row\",\"props\":{\"layout\":\"1-1\",\"breakpoint\":\"m\",\"fixed_width\":\"large\",\"gutter\":\"\",\"width\":\"\",\"width_expand\":\"\",\"height\":\"\",\"margin\":\"\"},\"children\":[{\"name\":\"\",\"type\":\"column\",\"props\":{\"widths\":[\"1-1\"],\"image_position\":\"center-center\",\"media_overlay_gradient\":\"\",\"vertical_align\":\"\",\"style\":\"\",\"text_color\":\"\",\"padding\":\"\"},\"children\":[{\"name\":\"\",\"type\":\"text\",\"props\":{\"margin\":\"default\",\"column_breakpoint\":\"m\",\"text_style\":\"\",\"text_color\":\"\",\"text_size\":\"\",\"column\":\"\",\"text_align\":\"\",\"text_align_breakpoint\":\"\",\"text_align_fallback\":\"\",\"maxwidth\":\"\",\"maxwidth_align\":\"\",\"maxwidth_breakpoint\":\"\",\"animation\":\"\",\"visibility\":\"\",\"content\":\"\n\n<p style=\\\"text-align: left;\\\">Liebe Kunden,<\\\/p>\\n\n\n<p>wir freuen uns, dass Sie den Weg zu uns gefunden haben! <br \\\/>Die <strong>Hobbywerkstatt Lechmann in Beuern Greifenberg <\\\/strong>ist jetzt f\\u00fcr Sie im Dienst.<\\\/p>\\n\n\n<p>Wir bieten Ihnen\\u00a0 folgende Dienstleistungen an:<\\\/p>\\n\n\n<ul>\\n\n\n<li>KLIMA-Service<\\\/li>\\n\n\n<li>Bremskolbenr\\u00fccksteller<\\\/li>\\n\n\n<li>Reifenmontage + Auswuchten<\\\/li>\\n\n\n<li>Spezialwerkzeug aller Art<\\\/li>\\n\n\n<li>Neue Markenreifen aller Art (Auf Vorbestellung)<\\\/li>\\n\n\n<li>\\u00d6lwechsel<\\\/li>\\n\n\n<li>Alt\\u00f6lentsorgung<\\\/li>\\n\n\n<li>Entsorgung alter Fahrzeugteile<\\\/li>\\n\n\n<li>kompetente Beratung und Hilfe<\\\/li>\\n\n\n<li>Elektronisches Auslesen der Steuerger\\u00e4te Ihres Fahrzeugs<\\\/li>\\n\n\n<li>Inspektionsservice<\\\/li>\\n<\\\/ul>\"}}]}]}]},{\"name\":\"Services\",\"type\":\"section\",\"props\":{\"style\":\"default\",\"width\":\"small\",\"vertical_align\":\"middle\",\"title_position\":\"top-left\",\"title_rotation\":\"left\",\"title_breakpoint\":\"xl\",\"image_position\":\"center-center\",\"padding\":\"large\",\"animation\":\"fade\",\"animation_delay\":true},\"children\":[{\"name\":\"\",\"type\":\"row\",\"props\":{\"fixed_width\":\"large\",\"breakpoint\":\"m\",\"layout\":\"1-1\"},\"children\":[{\"name\":\"\",\"type\":\"column\",\"props\":{\"widths\":[\"1-1\"],\"image_position\":\"center-center\"},\"children\":[{\"name\":\"\",\"type\":\"grid\",\"props\":{\"show_title\":true,\"show_meta\":true,\"show_content\":true,\"show_image\":true,\"show_link\":true,\"grid_default\":\"1\",\"grid_medium\":\"3\",\"title_element\":\"h2\",\"meta_style\":\"meta\",\"meta_align\":\"bottom\",\"icon_ratio\":4,\"image_align\":\"top\",\"image_grid_width\":\"1-2\",\"image_breakpoint\":\"m\",\"link_text\":\"Read more\",\"link_style\":\"text\",\"margin\":\"default\",\"gutter\":\"large\",\"grid_small\":\"2\",\"panel_style\":\"\",\"text_align\":\"left\",\"text_align_breakpoint\":\"s\",\"text_align_fallback\":\"center\",\"title_style\":\"h3\",\"grid_large\":\"\",\"grid_xlarge\":\"\",\"filter_margin\":\"\",\"filter_gutter\":\"\",\"title_display\":\"\",\"content_display\":\"\",\"panel_size\":\"\",\"item_maxwidth\":\"\",\"title_decoration\":\"\",\"title_color\":\"\",\"meta_color\":\"\",\"meta_margin\":\"\",\"content_style\":\"\",\"image_border\":\"\",\"image_box_shadow\":\"\",\"image_hover_box_shadow\":\"\",\"image_box_decoration\":\"\",\"icon_color\":\"\",\"image_gutter\":\"\",\"link_size\":\"\",\"maxwidth\":\"\",\"maxwidth_align\":\"\",\"maxwidth_breakpoint\":\"\",\"item_animation\":\"\",\"visibility\":\"\"},\"children\":[{\"name\":\"\",\"type\":\"grid_item\",\"props\":{\"title\":\"Faire & Transparente Preise\",\"content\":\"\n\n<p>Bei uns gibt es keine versteckten Kosten! Vor Reparaturbeginn erhalten Sie einen detaillierten Kostenvoranschlag, der alle Leistungen aufschl\\u00fcsselt.<\\\/p>\",\"link\":\"\",\"icon\":\"\",\"image\":\"wp-content\\\/uploads\\\/services-03-financial-services.svg\"}},{\"name\":\"\",\"type\":\"grid_item\",\"props\":{\"title\":\"Meisterlicher Service\",\"content\":\"\n\n<p>Falls eine Reparatur oder Wartung ansteht, k\\u00f6nnen Sie sich jederzeit an unser Personal wenden um fachlichen Rat zu erhalten. Gerne auch telefonisch.<\\\/p>\",\"link\":\"\",\"icon\":\"\",\"image\":\"wp-content\\\/uploads\\\/services-05-audit-and-assurance.svg\"}},{\"name\":\"\",\"type\":\"grid_item\",\"props\":{\"title\":\"Express-Termine\",\"content\":\"\n\n<div class=\\\"et_pb_column et_pb_column_1_3  et_pb_column_10\\\">\\n\n\n<div class=\\\"et_pb_text et_pb_module et_pb_bg_layout_dark et_pb_text_align_left  et_pb_text_4\\\">\\n\n\n<div class=\\\"et_pb_text_inner\\\">\\n\n\n<p>Wir verstehen wie hektisch es im Alltag manchmal sein kann alles unter einen Hut zu bringen. Aus diesem Grund bieten wir Ihnen Express Termine auch au\\u00dferhalb unserer \\u00d6ffnungszeiten nach telefonischer Vereinbarung.<\\\/p>\\n<\\\/div>\\n<\\\/div>\\n<\\\/div>\",\"link\":\"\",\"icon\":\"\",\"image\":\"wp-content\\\/uploads\\\/services-04-business-planning.svg\"}}]}]}]},{\"name\":\"\",\"type\":\"row\",\"props\":{\"layout\":\"1-1\",\"breakpoint\":\"m\",\"fixed_width\":\"large\",\"gutter\":\"\",\"width\":\"default\",\"width_expand\":\"\",\"height\":\"\",\"margin\":\"\",\"margin_remove_top\":true,\"margin_remove_bottom\":true},\"children\":[{\"name\":\"\",\"type\":\"column\",\"props\":{\"widths\":[\"1-1\"],\"image_position\":\"center-center\",\"media_overlay_gradient\":\"\",\"vertical_align\":\"\",\"style\":\"\",\"text_color\":\"\",\"padding\":\"\"},\"children\":[{\"name\":\"\",\"type\":\"slideshow\",\"props\":{\"show_title\":false,\"show_meta\":false,\"show_content\":false,\"show_link\":false,\"show_thumbnail\":true,\"slideshow_min_height\":\"350\",\"slideshow_autoplay_pause\":true,\"nav\":\"dotnav\",\"nav_position\":\"bottom-center\",\"nav_position_margin\":\"medium\",\"nav_align\":\"center\",\"nav_breakpoint\":\"s\",\"thumbnav_width\":\"100\",\"thumbnav_height\":\"75\",\"slidenav\":\"outside\",\"slidenav_margin\":\"medium\",\"slidenav_breakpoint\":\"s\",\"slidenav_outside_breakpoint\":\"xl\",\"overlay_position\":\"center-left\",\"overlay_animation\":\"parallax\",\"title_element\":\"h3\",\"meta_style\":\"meta\",\"meta_align\":\"bottom\",\"link_text\":\"Read more\",\"link_style\":\"default\",\"margin\":\"default\",\"slideshow_height\":\"\",\"text_color\":\"\",\"slideshow_box_shadow\":\"\",\"slideshow_box_decoration\":\"mask\",\"slideshow_animation\":\"push\",\"slideshow_kenburns\":\"alternate\",\"nav_margin\":\"\",\"nav_color\":\"\",\"slidenav_outside_color\":\"\",\"overlay_container\":\"default\",\"overlay_container_padding\":\"\",\"overlay_margin\":\"\",\"overlay_style\":\"\",\"overlay_padding\":\"\",\"overlay_width\":\"\",\"title_style\":\"\",\"title_decoration\":\"\",\"title_color\":\"\",\"meta_color\":\"\",\"meta_margin\":\"\",\"content_style\":\"\",\"link_size\":\"\",\"text_align\":\"\",\"text_align_breakpoint\":\"\",\"text_align_fallback\":\"\",\"maxwidth\":\"\",\"maxwidth_align\":\"\",\"maxwidth_breakpoint\":\"\",\"animation\":\"\",\"visibility\":\"\"},\"children\":[{\"name\":\"\",\"type\":\"slideshow_item\",\"props\":{\"title\":\"_DSC6001\",\"image\":\"wp-content\\\/uploads\\\/DSC6001.jpg\"}},{\"name\":\"\",\"type\":\"slideshow_item\",\"props\":{\"title\":\"_DSC6007\",\"image\":\"wp-content\\\/uploads\\\/DSC6007.jpg\"}},{\"name\":\"\",\"type\":\"slideshow_item\",\"props\":{\"title\":\"_DSC6009\",\"image\":\"wp-content\\\/uploads\\\/DSC6009.jpg\"}},{\"name\":\"\",\"type\":\"slideshow_item\",\"props\":{\"title\":\"_DSC6010\",\"image\":\"wp-content\\\/uploads\\\/DSC6010.jpg\"}},{\"name\":\"\",\"type\":\"slideshow_item\",\"props\":{\"title\":\"_DSC6012\",\"image\":\"wp-content\\\/uploads\\\/DSC6012.jpg\"}},{\"name\":\"\",\"type\":\"slideshow_item\",\"props\":{\"title\":\"_DSC6013\",\"image\":\"wp-content\\\/uploads\\\/DSC6013.jpg\"}},{\"name\":\"\",\"type\":\"slideshow_item\",\"props\":{\"title\":\"_DSC6015\",\"image\":\"wp-content\\\/uploads\\\/DSC6015.jpg\"}},{\"name\":\"\",\"type\":\"slideshow_item\",\"props\":{\"title\":\"_DSC6017\",\"image\":\"wp-content\\\/uploads\\\/DSC6017.jpg\"}},{\"name\":\"\",\"type\":\"slideshow_item\",\"props\":{\"title\":\"_DSC6018\",\"image\":\"wp-content\\\/uploads\\\/DSC6018.jpg\"}},{\"name\":\"\",\"type\":\"slideshow_item\",\"props\":{\"title\":\"_DSC6019\",\"image\":\"wp-content\\\/uploads\\\/DSC6019.jpg\"}},{\"name\":\"\",\"type\":\"slideshow_item\",\"props\":{\"title\":\"_DSC6021\",\"image\":\"wp-content\\\/uploads\\\/DSC6021.jpg\"}},{\"name\":\"\",\"type\":\"slideshow_item\",\"props\":{\"title\":\"_DSC6022\",\"image\":\"wp-content\\\/uploads\\\/DSC6022.jpg\"}},{\"name\":\"\",\"type\":\"slideshow_item\",\"props\":{\"title\":\"_DSC6024\",\"image\":\"wp-content\\\/uploads\\\/DSC6024.jpg\"}},{\"name\":\"\",\"type\":\"slideshow_item\",\"props\":{\"title\":\"_DSC6026\",\"image\":\"wp-content\\\/uploads\\\/DSC6026.jpg\"}},{\"name\":\"\",\"type\":\"slideshow_item\",\"props\":{\"title\":\"_DSC6027\",\"image\":\"wp-content\\\/uploads\\\/DSC6027.jpg\"}},{\"name\":\"\",\"type\":\"slideshow_item\",\"props\":{\"title\":\"_DSC6028\",\"image\":\"wp-content\\\/uploads\\\/DSC6028.jpg\"}},{\"name\":\"\",\"type\":\"slideshow_item\",\"props\":{\"title\":\"_DSC6031\",\"image\":\"wp-content\\\/uploads\\\/DSC6031.jpg\"}},{\"name\":\"\",\"type\":\"slideshow_item\",\"props\":{\"title\":\"_DSC6033\",\"image\":\"wp-content\\\/uploads\\\/DSC6033.jpg\"}},{\"name\":\"\",\"type\":\"slideshow_item\",\"props\":{\"title\":\"_DSC6034\",\"image\":\"wp-content\\\/uploads\\\/DSC6034.jpg\"}},{\"name\":\"\",\"type\":\"slideshow_item\",\"props\":{\"title\":\"_DSC6035\",\"image\":\"wp-content\\\/uploads\\\/DSC6035.jpg\"}},{\"name\":\"\",\"type\":\"slideshow_item\",\"props\":{\"title\":\"_DSC6036\",\"image\":\"wp-content\\\/uploads\\\/DSC6036.jpg\"}},{\"name\":\"\",\"type\":\"slideshow_item\",\"props\":{\"title\":\"_DSC6040\",\"image\":\"wp-content\\\/uploads\\\/DSC6040.jpg\"}},{\"name\":\"\",\"type\":\"slideshow_item\",\"props\":{\"title\":\"_DSC6042\",\"image\":\"wp-content\\\/uploads\\\/DSC6042.jpg\"}}]}]}]}]},{\"name\":\"Faq\",\"type\":\"section\",\"props\":{\"width\":\"small\",\"padding\":\"large\",\"style\":\"default\",\"header_overlay\":\"\",\"animation\":\"\",\"padding_remove_top\":false,\"image_size\":\"cover\",\"image_position\":\"center-center\",\"vertical_align\":\"middle\",\"title_position\":\"top-left\",\"title_rotation\":\"left\",\"title_breakpoint\":\"xl\",\"padding_remove_bottom\":true},\"children\":[{\"name\":\"\",\"type\":\"row\",\"props\":{\"layout\":\"1-1\",\"breakpoint\":\"m\",\"fixed_width\":\"large\",\"margin\":\"xlarge\"},\"children\":[{\"name\":\"\",\"type\":\"column\",\"props\":{\"image_position\":\"center-center\",\"widths\":[\"1-1\"]},\"children\":[{\"name\":\"\",\"type\":\"headline\",\"props\":{\"title_element\":\"h2\",\"text_align\":\"left\",\"content\":\"H\\u00e4ufig gestellte Fragen\",\"title_style\":\"h3\",\"title_decoration\":\"\",\"margin\":\"medium\",\"maxwidth\":\"medium\",\"title_color\":\"\",\"text_align_breakpoint\":\"\",\"text_align_fallback\":\"\",\"maxwidth_align\":\"\",\"maxwidth_breakpoint\":\"\",\"animation\":\"\",\"visibility\":\"\"}},{\"name\":\"\",\"type\":\"switcher\",\"props\":{\"show_title\":true,\"show_meta\":true,\"show_content\":true,\"show_image\":true,\"show_link\":true,\"show_label\":true,\"show_thumbnail\":true,\"switcher_style\":\"tab\",\"switcher_position\":\"left\",\"switcher_align\":\"left\",\"switcher_grid_width\":\"1-3\",\"switcher_breakpoint\":\"m\",\"switcher_animation\":\"fade\",\"switcher_height\":true,\"title_style\":\"h3\",\"title_element\":\"h3\",\"meta_style\":\"meta\",\"meta_align\":\"bottom\",\"image_align\":\"top\",\"image_grid_width\":\"1-2\",\"image_breakpoint\":\"m\",\"switcher_thumbnail_width\":\"100\",\"switcher_thumbnail_height\":\"75\",\"link_text\":\"Read more\",\"link_style\":\"default\",\"margin\":\"default\",\"switcher_gutter\":\"large\",\"switcher_style_primary\":false,\"switcher_vertical_align\":false,\"title_decoration\":\"\",\"text_align\":\"\",\"switcher_margin\":\"\",\"title_color\":\"\",\"meta_color\":\"\",\"meta_margin\":\"\",\"content_style\":\"\",\"image_border\":\"\",\"image_box_shadow\":\"\",\"image_box_decoration\":\"\",\"image_gutter\":\"\",\"link_size\":\"\",\"text_align_breakpoint\":\"\",\"text_align_fallback\":\"\",\"maxwidth\":\"\",\"maxwidth_align\":\"\",\"maxwidth_breakpoint\":\"\",\"animation\":\"\",\"visibility\":\"\"},\"children\":[{\"name\":\"\",\"type\":\"switcher_item\",\"props\":{\"title\":\"Ist die KFZ Hobbywerkstatt leicht zu finden in der N\\u00e4he von Ammersee?\",\"content\":\"\n\n<p>Unsere Werkstatt befindet sich an der Ausfahrt Autobahn\\u00a0 A96 Greifenberg am Ammersee und ist leicht von Eching am Ammersee, Schondorf am Ammersee, T\\u00fcrkenfeld zu erreichen.<\\\/p>\"}},{\"name\":\"\",\"type\":\"switcher_item\",\"props\":{\"title\":\"Kann ich mein Auto selber reparieren?\",\"content\":\"\n\n<p>Die Hobbywerkstatt bietet Dir die M\\u00f6glichkeit und Spa\\u00df dein Fahrzeug selbst zu reparieren und dabei deine Kosten zu sparen.\\u00a0<\\\/p>\"}},{\"name\":\"\",\"type\":\"switcher_item\",\"props\":{\"title\":\"Kann ich \\u00d6lwechsel selbst durchf\\u00fchren?\",\"content\":\"\n\n<p>Durch ein selbst\\u00e4ndiges \\u00d6lwechsel kannst Du Dein Geld sparen. Wir \\u00fcbernehmen dabei\\u00a0 die Alt\\u00f6lentsorgung.<\\\/p>\"}},{\"name\":\"\",\"type\":\"switcher_item\",\"props\":{\"title\":\"Kann ich bei Ihnen den Serviceintervalanzeige zur\\u00fccksetzten?\",\"content\":\"\n\n<p>Mit unseren professionellen Diagnose-Ger\\u00e4ten k\\u00f6nnen wir die meisten Funktionen an den Steuerger\\u00e4ten ausf\\u00fchren. Z.B. Bremsscheiben\\\/-belagwechsel bei Fahrzeugen mit elektronischer Parkbremse (EPB).<\\\/p>\\n\n\n<p>Den Fehlerspeicher auslesen und zur\\u00fccksetzen geht sowieso.<\\\/p>\"}},{\"name\":\"\",\"type\":\"switcher_item\",\"props\":{\"title\":\"Kann ich bei Ihnen KFZ Teile kaufen oder bestellen?\",\"content\":\"\n\n<p>Wir \\u00a0k\\u00f6nnen f\\u00fcr Dich die Teile ohne Aufpreis auf Lieferung bestellen. Wir bekommen Express-Lieferungen zwei mal t\\u00e4glich.<\\\/p>\"}}]}]}]}]}]} --><\/p>\n","protected":false},"excerpt":{"rendered":"<p>Herzlich Willkommen! Hier findest Du alles rund um dein liebstes Auto. Selber Schrauben, Reparieren, Spa\u00df! Hobbywerkstatt in Beuern Greifenberg Sparen Sie Arbeitskosten Gro\u00dfes Werkzeugangebot Rat vom Mechaniker kostenlos keine Reservierung n\u00f6tig einfach ohne Voranmeldung kommen Liebe Kunden, wir freuen uns, dass Sie den Weg zu uns gefunden haben! Die Hobbywerkstatt Lechmann in Beuern Greifenberg ist [&hellip;]<\/p>\n","protected":false},"author":1,"featured_media":0,"parent":0,"menu_order":9,"comment_status":"closed","ping_status":"closed","template":"","meta":{"_monsterinsights_skip_tracking":false,"_monsterinsights_sitenote_active":false,"_monsterinsights_sitenote_note":"","_monsterinsights_sitenote_category":0,"footnotes":""},"class_list":["post-20","page","type-page","status-publish","hentry"],"_links":{"self":[{"href":"https:\/\/werkstatt-lechmann.de\/index.php?rest_route=\/wp\/v2\/pages\/20","targetHints":{"allow":["GET"]}}],"collection":[{"href":"https:\/\/werkstatt-lechmann.de\/index.php?rest_route=\/wp\/v2\/pages"}],"about":[{"href":"https:\/\/werkstatt-lechmann.de\/index.php?rest_route=\/wp\/v2\/types\/page"}],"author":[{"embeddable":true,"href":"https:\/\/werkstatt-lechmann.de\/index.php?rest_route=\/wp\/v2\/users\/1"}],"replies":[{"embeddable":true,"href":"https:\/\/werkstatt-lechmann.de\/index.php?rest_route=%2Fwp%2Fv2%2Fcomments&post=20"}],"version-history":[{"count":45,"href":"https:\/\/werkstatt-lechmann.de\/index.php?rest_route=\/wp\/v2\/pages\/20\/revisions"}],"predecessor-version":[{"id":472,"href":"https:\/\/werkstatt-lechmann.de\/index.php?rest_route=\/wp\/v2\/pages\/20\/revisions\/472"}],"wp:attachment":[{"href":"https:\/\/werkstatt-lechmann.de\/index.php?rest_route=%2Fwp%2Fv2%2Fmedia&parent=20"}],"curies":[{"name":"wp","href":"https:\/\/api.w.org\/{rel}","templated":true}]}}